{"id":4725,"date":"2018-12-19T19:13:29","date_gmt":"2018-12-19T16:13:29","guid":{"rendered":"https:\/\/www.mustafaguden.com\/?page_id=4725"},"modified":"2018-12-19T19:13:29","modified_gmt":"2018-12-19T16:13:29","slug":"%d8%a7%d9%84%d8%b5%d8%ad%d8%a7%d9%81%d8%a9-%d8%a7%d9%84%d9%85%d9%83%d8%aa%d9%88%d8%a8%d8%a9","status":"publish","type":"page","link":"https:\/\/www.mustafaguden.com\/ar\/%d8%a7%d9%84%d8%b5%d8%ad%d8%a7%d9%81%d8%a9-%d8%a7%d9%84%d9%85%d9%83%d8%aa%d9%88%d8%a8%d8%a9\/","title":{"rendered":"\u0627\u0644\u0635\u062d\u0627\u0641\u0629 \u0627\u0644\u0645\u0643\u062a\u0648\u0628\u0629"},"content":{"rendered":"<div class=\"wpb-content-wrapper\"><p>[vc_row][vc_column]<div class=\" bs-listing bs-listing-listing-blog-1 bs-listing-single-tab\">\t\t<h3 class=\"section-heading sh-t1 sh-s1 main-term-49\">\n\n\t\t\n\t\t\t\t\t\t\t<a href=\"https:\/\/www.mustafaguden.com\/category\/yazili\/\" class=\"main-link\">\n\t\t\t\t\t\t\t<span class=\"h-text main-term-49\">\n\t\t\t\t\t\t\t\tYaz\u0131l\u0131 Bas\u0131n\t\t\t\t\t\t\t<\/span>\n\t\t\t\t<\/a>\n\t\t\t\n\t\t\n\t\t<\/h3>\n\t\t\t<div class=\"listing listing-blog listing-blog-1 clearfix columns-1 columns-1\">\n\t\t<article class=\"post-4927 type-post format-standard has-post-thumbnail   listing-item listing-item-blog  listing-item-blog-1 main-term-94 bsw-7 \">\n\t\t<div class=\"item-inner clearfix\">\n\t\t\t\t\t\t\t<div class=\"featured clearfix\">\n\t\t\t\t\t<div class=\"term-badges floated\"><span class=\"term-badge term-94\"><a href=\"https:\/\/www.mustafaguden.com\/ar\/category\/%d8%a7%d9%84%d8%b5%d8%ad%d8%a7%d9%81%d8%a9-%d8%a7%d9%84%d9%85%d9%83%d8%aa%d9%88%d8%a8%d8%a9\/\">\u0627\u0644\u0635\u062d\u0627\u0641\u0629 \u0627\u0644\u0645\u0643\u062a\u0648\u0628\u0629<\/a><\/span><\/div>\t\t\t\t\t<a  title=\"Kalp ameliyat\u0131 olmak \u00f6m\u00fcr boyu yara izini ta\u015f\u0131mak demek de\u011fil\" data-src=\"https:\/\/www.mustafaguden.com\/wp-content\/uploads\/2014\/06\/Kalp-Ameliyati-Olmak-Omur-Boyu-Yara-Izini-Tasimak-Demek-Degil-210x136.png\" data-bs-srcset=\"{&quot;baseurl&quot;:&quot;https:\\\/\\\/www.mustafaguden.com\\\/wp-content\\\/uploads\\\/2014\\\/06\\\/&quot;,&quot;sizes&quot;:{&quot;86&quot;:&quot;Kalp-Ameliyati-Olmak-Omur-Boyu-Yara-Izini-Tasimak-Demek-Degil-86x64.png&quot;,&quot;210&quot;:&quot;Kalp-Ameliyati-Olmak-Omur-Boyu-Yara-Izini-Tasimak-Demek-Degil-210x136.png&quot;,&quot;279&quot;:&quot;Kalp-Ameliyati-Olmak-Omur-Boyu-Yara-Izini-Tasimak-Demek-Degil-279x220.png&quot;,&quot;357&quot;:&quot;Kalp-Ameliyati-Olmak-Omur-Boyu-Yara-Izini-Tasimak-Demek-Degil-357x210.png&quot;,&quot;750&quot;:&quot;Kalp-Ameliyati-Olmak-Omur-Boyu-Yara-Izini-Tasimak-Demek-Degil-750x430.png&quot;,&quot;1500&quot;:&quot;Kalp-Ameliyati-Olmak-Omur-Boyu-Yara-Izini-Tasimak-Demek-Degil.png&quot;}}\"\t\t\t\t\t\t\tclass=\"img-holder\" href=\"https:\/\/www.mustafaguden.com\/ar\/2018\/12\/23\/kalp-ameliyati-olmak-omur-boyu-yara-izini-tasimak-demek-degil\/\"><\/a>\n\t\t\t\t\t\t\t\t\t<\/div>\n\t\t\t<h2 class=\"title\">\t\t\t<a href=\"https:\/\/www.mustafaguden.com\/ar\/2018\/12\/23\/kalp-ameliyati-olmak-omur-boyu-yara-izini-tasimak-demek-degil\/\" class=\"post-url post-title\">\n\t\t\t\tKalp ameliyat\u0131 olmak \u00f6m\u00fcr boyu yara izini ta\u015f\u0131mak demek de\u011fil\t\t\t<\/a>\n\t\t\t<\/h2>\t\t<div class=\"post-meta\">\n\n\t\t\t\t\t\t\t<a href=\"https:\/\/www.mustafaguden.com\/ar\/author\/admin-2\/\"\n\t\t\t\t   title=\"\u062a\u0635\u0641\u062d \u0643\u0627\u062a\u0628 \u0627\u0644\u0645\u0642\u0627\u0644\u0627\u062a\"\n\t\t\t\t   class=\"post-author-a\">\n\t\t\t\t\t<i class=\"post-author author\">\n\t\t\t\t\t\tadmin\t\t\t\t\t<\/i>\n\t\t\t\t<\/a>\n\t\t\t\t\t\t\t<span class=\"time\"><time class=\"post-published updated\"\n\t\t\t\t                         datetime=\"2018-12-23T14:37:01+03:00\">\u062f\u064a\u0633\u0645\u0628\u0631 23, 2018<\/time><\/span>\n\t\t\t\t<a href=\"https:\/\/www.mustafaguden.com\/ar\/2018\/12\/23\/kalp-ameliyati-olmak-omur-boyu-yara-izini-tasimak-demek-degil\/#respond\" title=\"\u062a\u0631\u0643 \u062a\u0639\u0644\u064a\u0642 \u0639\u0644\u0649: &quot;Kalp ameliyat\u0131 olmak \u00f6m\u00fcr boyu yara izini ta\u015f\u0131mak demek de\u011fil&quot;\" class=\"comments\"><i class=\"fa fa-comments-o\"><\/i> 0<\/a>\t\t<\/div>\n\t\t\t\t\t\t<div class=\"post-summary\">\n\t\t\t\t\t\t\t\t\t<\/div>\n\t\t\t\t\t\t<\/div>\n\t<\/article>\n\t<article class=\"post-4909 type-post format-standard has-post-thumbnail   listing-item listing-item-blog  listing-item-blog-1 main-term-94 bsw-7 \">\n\t\t<div class=\"item-inner clearfix\">\n\t\t\t\t\t\t\t<div class=\"featured clearfix\">\n\t\t\t\t\t<div class=\"term-badges floated\"><span class=\"term-badge term-94\"><a href=\"https:\/\/www.mustafaguden.com\/ar\/category\/%d8%a7%d9%84%d8%b5%d8%ad%d8%a7%d9%81%d8%a9-%d8%a7%d9%84%d9%85%d9%83%d8%aa%d9%88%d8%a8%d8%a9\/\">\u0627\u0644\u0635\u062d\u0627\u0641\u0629 \u0627\u0644\u0645\u0643\u062a\u0648\u0628\u0629<\/a><\/span><\/div>\t\t\t\t\t<a  title=\"\u0639\u0644\u0627\u062c \u062a\u0645\u062f\u062f \u0627\u0644\u0623\u0648\u0639\u064a\u0629 \u0627\u0644\u062f\u0645\u0648\u064a\u0629 \u063a\u064a\u0631 \u0627\u0644\u062c\u0631\u0627\u062d\u064a \\ \u0639\u0631\u0636\" data-src=\"https:\/\/www.mustafaguden.com\/wp-content\/uploads\/2018\/10\/vascular-news-basin-arsivi-210x136.png\" data-bs-srcset=\"{&quot;baseurl&quot;:&quot;https:\\\/\\\/www.mustafaguden.com\\\/wp-content\\\/uploads\\\/2018\\\/10\\\/&quot;,&quot;sizes&quot;:{&quot;86&quot;:&quot;vascular-news-basin-arsivi-86x64.png&quot;,&quot;210&quot;:&quot;vascular-news-basin-arsivi-210x136.png&quot;,&quot;279&quot;:&quot;vascular-news-basin-arsivi-279x220.png&quot;,&quot;357&quot;:&quot;vascular-news-basin-arsivi-357x210.png&quot;,&quot;750&quot;:&quot;vascular-news-basin-arsivi-750x430.png&quot;,&quot;1500&quot;:&quot;vascular-news-basin-arsivi.png&quot;}}\"\t\t\t\t\t\t\tclass=\"img-holder\" href=\"https:\/\/www.mustafaguden.com\/ar\/2018\/12\/23\/%d8%b9%d9%84%d8%a7%d8%ac-%d8%aa%d9%85%d8%af%d8%af-%d8%a7%d9%84%d8%a3%d9%88%d8%b9%d9%8a%d8%a9-%d8%a7%d9%84%d8%af%d9%85%d9%88%d9%8a%d8%a9-%d8%ba%d9%8a%d8%b1-%d8%a7%d9%84%d8%ac%d8%b1%d8%a7%d8%ad%d9%8a\/\"><\/a>\n\t\t\t\t\t\t\t\t\t<\/div>\n\t\t\t<h2 class=\"title\">\t\t\t<a href=\"https:\/\/www.mustafaguden.com\/ar\/2018\/12\/23\/%d8%b9%d9%84%d8%a7%d8%ac-%d8%aa%d9%85%d8%af%d8%af-%d8%a7%d9%84%d8%a3%d9%88%d8%b9%d9%8a%d8%a9-%d8%a7%d9%84%d8%af%d9%85%d9%88%d9%8a%d8%a9-%d8%ba%d9%8a%d8%b1-%d8%a7%d9%84%d8%ac%d8%b1%d8%a7%d8%ad%d9%8a\/\" class=\"post-url post-title\">\n\t\t\t\t\u0639\u0644\u0627\u062c \u062a\u0645\u062f\u062f \u0627\u0644\u0623\u0648\u0639\u064a\u0629 \u0627\u0644\u062f\u0645\u0648\u064a\u0629 \u063a\u064a\u0631 \u0627\u0644\u062c\u0631\u0627\u062d\u064a \\ \u0639\u0631\u0636\t\t\t<\/a>\n\t\t\t<\/h2>\t\t<div class=\"post-meta\">\n\n\t\t\t\t\t\t\t<a href=\"https:\/\/www.mustafaguden.com\/ar\/author\/admin-2\/\"\n\t\t\t\t   title=\"\u062a\u0635\u0641\u062d \u0643\u0627\u062a\u0628 \u0627\u0644\u0645\u0642\u0627\u0644\u0627\u062a\"\n\t\t\t\t   class=\"post-author-a\">\n\t\t\t\t\t<i class=\"post-author author\">\n\t\t\t\t\t\tadmin\t\t\t\t\t<\/i>\n\t\t\t\t<\/a>\n\t\t\t\t\t\t\t<span class=\"time\"><time class=\"post-published updated\"\n\t\t\t\t                         datetime=\"2018-12-23T14:15:59+03:00\">\u062f\u064a\u0633\u0645\u0628\u0631 23, 2018<\/time><\/span>\n\t\t\t\t\t\t<\/div>\n\t\t\t\t\t\t<div class=\"post-summary\">\n\t\t\t\t\tProf. Dr. Mustafa G\u00dcDEN \u201cMaster Class Endovascular\u201d toplant\u0131s\u0131nda, \u201cAmeliyats\u0131z Anevrizma Tedavileri ve Anevrizma Cerrahileri\u201dba\u015fl\u0131\u011f\u0131yla 29.09.2018'de ger\u00e7ekle\u015ftirdi\u011fi sunumda tedavi tercihlerinin mukayesesi hakk\u0131nda bilgi ve tecr\u00fcbelerini&hellip;\t\t\t\t<\/div>\n\t\t\t\t\t\t<\/div>\n\t<\/article>\n\t<\/div>\n\t<\/div>[\/vc_column][\/vc_row]<\/p>\n<\/div>","protected":false},"excerpt":{"rendered":"<p>[vc_row][vc_column][\/vc_column][\/vc_row]<\/p>\n","protected":false},"author":1,"featured_media":0,"parent":0,"menu_order":0,"comment_status":"closed","ping_status":"closed","template":"","meta":{"footnotes":""},"class_list":["post-4725","page","type-page","status-publish","hentry"],"aioseo_notices":[],"_links":{"self":[{"href":"https:\/\/www.mustafaguden.com\/ar\/wp-json\/wp\/v2\/pages\/4725","targetHints":{"allow":["GET"]}}],"collection":[{"href":"https:\/\/www.mustafaguden.com\/ar\/wp-json\/wp\/v2\/pages"}],"about":[{"href":"https:\/\/www.mustafaguden.com\/ar\/wp-json\/wp\/v2\/types\/page"}],"author":[{"embeddable":true,"href":"https:\/\/www.mustafaguden.com\/ar\/wp-json\/wp\/v2\/users\/1"}],"replies":[{"embeddable":true,"href":"https:\/\/www.mustafaguden.com\/ar\/wp-json\/wp\/v2\/comments?post=4725"}],"version-history":[{"count":2,"href":"https:\/\/www.mustafaguden.com\/ar\/wp-json\/wp\/v2\/pages\/4725\/revisions"}],"predecessor-version":[{"id":4727,"href":"https:\/\/www.mustafaguden.com\/ar\/wp-json\/wp\/v2\/pages\/4725\/revisions\/4727"}],"wp:attachment":[{"href":"https:\/\/www.mustafaguden.com\/ar\/wp-json\/wp\/v2\/media?parent=4725"}],"curies":[{"name":"wp","href":"https:\/\/api.w.org\/{rel}","templated":true}]}}