{"id":4344,"date":"2018-12-16T23:09:03","date_gmt":"2018-12-16T20:09:03","guid":{"rendered":"https:\/\/www.mustafaguden.com\/?page_id=4344"},"modified":"2018-12-16T23:09:03","modified_gmt":"2018-12-16T20:09:03","slug":"aortic-valve-repair-or-replacement","status":"publish","type":"page","link":"https:\/\/www.mustafaguden.com\/en\/aortic-valve-repair-or-replacement\/","title":{"rendered":"Aortic Valve Repair or Replacement"},"content":{"rendered":"<div class=\"wpb-content-wrapper\"><p>[vc_row][vc_column][vc_column_text]The aortic valve is located between the left ventricle and the aorta, the largest artery of the human heart. It controls the blood flow. Its main function is to hinder backflow of the blood to the ventricle once it is pumped out by the heart. The aortic valve may become dysfunctional due to stenosis or insufficiency. In these cases, the treatment options are the aortic valve repair or replacement.[\/vc_column_text][vc_custom_heading text=&#8221;Aortic Valve Stenosis and Insufficiency&#8221; font_container=&#8221;tag:h4|text_align:left&#8221; google_fonts=&#8221;font_family:Montserrat%3Aregular%2C700|font_style:700%20bold%20regular%3A700%3Anormal&#8221;][vc_column_text]Aort kapak darl\u0131\u011f\u0131, do\u011fu\u015ftan gelen bir hastal\u0131kta olabilir, sonradan da kazan\u0131labilir. En s\u0131k g\u00f6r\u00fclen do\u011fumsal neden 3 par\u00e7al\u0131 olmas\u0131 gerekirken iki par\u00e7al\u0131 olmas\u0131d\u0131r. \u0130lerleyen safhada kan ak\u0131\u015f\u0131n\u0131n s\u00fcrebilmesi i\u00e7in kalbin sol kar\u0131nc\u0131\u011f\u0131n\u0131n daha fazla \u00e7al\u0131\u015farak kas dokusunun kal\u0131nla\u015fmas\u0131na sebep olur. Bu durum kalp yetmezli\u011fine zemin haz\u0131rlar. Aort kapak yetersizli\u011fi genellikle uzun s\u00fcre belirti vermeden geli\u015fen bir hastal\u0131kt\u0131r. \u0130leride nefes darl\u0131\u011f\u0131, k\u0131sa s\u00fcrede yorulma, g\u00f6\u011f\u00fcs a\u011fr\u0131s\u0131 ve bay\u0131lma aort kapak yetmezli\u011fi belirtileridir. Bu belirtiler hastal\u0131\u011f\u0131n ileri seviyede seyretti\u011fini g\u00f6sterir. En riskli durum ise aort kapak yetmezli\u011finin ani \u00f6l\u00fcmlere sebep olabilmesidir. Aort kapak hastal\u0131\u011f\u0131 cerrahi ile tedavi edilebilen bir hastal\u0131kt\u0131r. Aort kapak yetersizli\u011fi, aortaya pompalanan kan\u0131n bir miktar\u0131n\u0131n sol ventrik\u00fcle (kar\u0131nc\u0131k) geri d\u00f6nmesi ve buna ba\u011fl\u0131 olarak kar\u0131nc\u0131\u011f\u0131n i\u015f y\u00fck\u00fcn\u00fcn artmas\u0131d\u0131r. Hastalarda nefes darl\u0131\u011f\u0131 en erken g\u00f6r\u00fclen belirtidir. \u0130lerleyen a\u015famalarda g\u00f6\u011f\u00fcs a\u011fr\u0131s\u0131 da hastalar\u0131n belirgin \u015fikayetlerindendir.<\/p>\n<p>Ciddi aort yetmezli\u011fi olan hastalar m\u00fcmk\u00fcn olan en k\u0131sa s\u00fcrede ameliyat edilmelidir.<\/p>\n<p>Aortic valve stenosis can be either congenital or acquired later. The most common abnormality occurs when the aortic valve has only two leaflets, instead of three. Due to the abnormality, the left ventricle works harder to sustain the blood flow; which leads to thickening of the muscle. In the long run, this thickening may create cardiac insufficiency. Aortic valve insufficiency usually develops without showing symptoms for a long while. In the advanced stages, symptoms like breath shortness, fatigue\/exhaustion, chest pain and fainting. These symptoms show that the disease is in the advanced stage. Rarely, the aortic valve insufficiency may be the cause of sudden deaths. It is a disease that can be treated surgically. The aortic valve insufficiency occurs when some of the blood pumped to the aorta flows back to the left ventricle, increasing the workload of the ventricle. Breath shortness is the earliest symptom of the disease. In the advanced stages, chest pain is the most common and evident complaint of the patients.<\/p>\n<p>Patients with severe aortic insufficiency must be operated as quickly as possible.[\/vc_column_text][vc_custom_heading text=&#8221;Aortic Valve Repair or Replacement&#8221; font_container=&#8221;tag:h4|text_align:left&#8221; google_fonts=&#8221;font_family:Montserrat%3Aregular%2C700|font_style:700%20bold%20regular%3A700%3Anormal&#8221;][vc_row_inner][vc_column_inner width=&#8221;3\/4&#8243;][vc_column_text]n aortic valve insufficiency, the surgery technique to be employed must be selected according to the medical state of the patient. In patients with relatively lower risks, the classical aortic valve surgery is preferred. In this technique, the surgery can be performed through a small incision, again depending on the state of the patient. In older patients, whose aortic valve is severely calcified, the sutureless AVR (as an alternative to TAVI) is employed, in order to shorten the operation duration and accelerate the healing process for the patient. Generally, in this method, small incisions are made on the chest and under the clavicle (collar bone). As the operation duration is shorter and the incision is small, the patient recovers more quickly.[\/vc_column_text][\/vc_column_inner][vc_column_inner width=&#8221;1\/4&#8243;][\/vc_column_inner][\/vc_row_inner][vc_custom_heading text=&#8221;Patient Care at Home Following an Open-Heart Surgery&#8221; font_container=&#8221;tag:p|text_align:left|color:%23af0000&#8243; google_fonts=&#8221;font_family:Montserrat%3Aregular%2C700|font_style:700%20bold%20regular%3A700%3Anormal&#8221; link=&#8221;|||&#8221;][vc_column_text]After the discharge your doctor will prescribe oral medication. The prescription may include any or some of the medication listed below, depending on their need for the continued treatment.<\/p>\n<ul>\n<li>Blood-thinner: Aspirin, Warfarin (Coumadin etc.). Blood-thinners help decrease the embolism risk.<\/li>\n<li>Cardiac medication: These agents will strengthen your heart and regulate the pace.<\/li>\n<li>Stool softeners: These medications eliminate constipation by facilitating the normalization of bowel movements.<\/li>\n<li>Diuretics: Enabling you discharge more liquids, diuretics eliminate edema and excessive liquid accumulation.<\/li>\n<\/ul>\n<p>[\/vc_column_text][vc_column_text]For further information, <a href=\"http:\/\/www.mitralkapaktamiri.com\/\">click here<\/a> to visit our mitral valve repair page.[\/vc_column_text][\/vc_column][\/vc_row]<\/p>\n<\/div>","protected":false},"excerpt":{"rendered":"<p>[vc_row][vc_column][vc_column_text]The aortic valve is located between the left ventricle and the aorta, the largest artery of the human heart. It controls the blood flow. Its main function is to hinder backflow of the blood to the ventricle once it is pumped out by the heart. The aortic valve may become dysfunctional due to stenosis or [&hellip;]<\/p>\n","protected":false},"author":1,"featured_media":0,"parent":0,"menu_order":5,"comment_status":"closed","ping_status":"closed","template":"","meta":{"footnotes":""},"class_list":["post-4344","page","type-page","status-publish","hentry"],"aioseo_notices":[],"_links":{"self":[{"href":"https:\/\/www.mustafaguden.com\/en\/wp-json\/wp\/v2\/pages\/4344","targetHints":{"allow":["GET"]}}],"collection":[{"href":"https:\/\/www.mustafaguden.com\/en\/wp-json\/wp\/v2\/pages"}],"about":[{"href":"https:\/\/www.mustafaguden.com\/en\/wp-json\/wp\/v2\/types\/page"}],"author":[{"embeddable":true,"href":"https:\/\/www.mustafaguden.com\/en\/wp-json\/wp\/v2\/users\/1"}],"replies":[{"embeddable":true,"href":"https:\/\/www.mustafaguden.com\/en\/wp-json\/wp\/v2\/comments?post=4344"}],"version-history":[{"count":2,"href":"https:\/\/www.mustafaguden.com\/en\/wp-json\/wp\/v2\/pages\/4344\/revisions"}],"predecessor-version":[{"id":4346,"href":"https:\/\/www.mustafaguden.com\/en\/wp-json\/wp\/v2\/pages\/4344\/revisions\/4346"}],"wp:attachment":[{"href":"https:\/\/www.mustafaguden.com\/en\/wp-json\/wp\/v2\/media?parent=4344"}],"curies":[{"name":"wp","href":"https:\/\/api.w.org\/{rel}","templated":true}]}}