{"id":4722,"date":"2018-12-19T19:10:41","date_gmt":"2018-12-19T16:10:41","guid":{"rendered":"https:\/\/www.mustafaguden.com\/?page_id=4722"},"modified":"2018-12-19T19:10:41","modified_gmt":"2018-12-19T16:10:41","slug":"print-media","status":"publish","type":"page","link":"https:\/\/www.mustafaguden.com\/en\/print-media\/","title":{"rendered":"Print Media"},"content":{"rendered":"<div class=\"wpb-content-wrapper\"><p>[vc_row][vc_column]<div class=\" bs-listing bs-listing-listing-blog-1 bs-listing-single-tab\">\t\t<h3 class=\"section-heading sh-t1 sh-s1 main-term-49\">\n\n\t\t\n\t\t\t\t\t\t\t<a href=\"https:\/\/www.mustafaguden.com\/category\/yazili\/\" class=\"main-link\">\n\t\t\t\t\t\t\t<span class=\"h-text main-term-49\">\n\t\t\t\t\t\t\t\tYaz\u0131l\u0131 Bas\u0131n\t\t\t\t\t\t\t<\/span>\n\t\t\t\t<\/a>\n\t\t\t\n\t\t\n\t\t<\/h3>\n\t\t\t<div class=\"listing listing-blog listing-blog-1 clearfix columns-1 columns-1\">\n\t\t<\/div>\n\t<\/div>[\/vc_column][\/vc_row]<\/p>\n<\/div>","protected":false},"excerpt":{"rendered":"<p>[vc_row][vc_column][\/vc_column][\/vc_row]<\/p>\n","protected":false},"author":1,"featured_media":0,"parent":0,"menu_order":0,"comment_status":"closed","ping_status":"closed","template":"","meta":{"footnotes":""},"class_list":["post-4722","page","type-page","status-publish","hentry"],"aioseo_notices":[],"_links":{"self":[{"href":"https:\/\/www.mustafaguden.com\/en\/wp-json\/wp\/v2\/pages\/4722","targetHints":{"allow":["GET"]}}],"collection":[{"href":"https:\/\/www.mustafaguden.com\/en\/wp-json\/wp\/v2\/pages"}],"about":[{"href":"https:\/\/www.mustafaguden.com\/en\/wp-json\/wp\/v2\/types\/page"}],"author":[{"embeddable":true,"href":"https:\/\/www.mustafaguden.com\/en\/wp-json\/wp\/v2\/users\/1"}],"replies":[{"embeddable":true,"href":"https:\/\/www.mustafaguden.com\/en\/wp-json\/wp\/v2\/comments?post=4722"}],"version-history":[{"count":2,"href":"https:\/\/www.mustafaguden.com\/en\/wp-json\/wp\/v2\/pages\/4722\/revisions"}],"predecessor-version":[{"id":4724,"href":"https:\/\/www.mustafaguden.com\/en\/wp-json\/wp\/v2\/pages\/4722\/revisions\/4724"}],"wp:attachment":[{"href":"https:\/\/www.mustafaguden.com\/en\/wp-json\/wp\/v2\/media?parent=4722"}],"curies":[{"name":"wp","href":"https:\/\/api.w.org\/{rel}","templated":true}]}}