{"id":4786,"date":"2018-12-22T11:11:28","date_gmt":"2018-12-22T08:11:28","guid":{"rendered":"https:\/\/www.mustafaguden.com\/?page_id=4786"},"modified":"2018-12-22T11:11:28","modified_gmt":"2018-12-22T08:11:28","slug":"comments","status":"publish","type":"page","link":"https:\/\/www.mustafaguden.com\/en\/comments\/","title":{"rendered":"Comments"},"content":{"rendered":"<div id=\"ttshowcase_0\"><!-- Custom Styles for Grid Layout of Testimonials Showcase --><style type=\"text\/css\" scoped>#ttshowcase_0 .tt_theme_speech .ttshowcase_rl_quote_sided .ttshowcase_rl_quote,\n\t\t\t         \t#ttshowcase_0 .tt_theme_speech .ttshowcase_rl_quote_block .ttshowcase_rl_quote,\n\t\t\t         \t#ttshowcase_0 .tt_theme_speech .ttshowcase_rl_quote_sided .ttshowcase_rl_quote a,\n\t         \t\t\t#ttshowcase_0 .tt_theme_speech .ttshowcase_rl_quote_block .ttshowcase_rl_quote a\n\t\t\t    \t\t\t{\n\t\t\t\t\t\t\t\tbackground:#f5f5f5;\n\t\t\t\t\t\t\t\tcolor:#333333;\n\t\t\t\t\t\t\t}#ttshowcase_0 .tt_theme_speech .ttshowcase_rl_quote_block .ttshowcase_rl_quote:after,\n\t\t\t\t\t\t\t#ttshowcase_0 .tt_theme_speech .tt_quote_info-below .ttshowcase_rl_quote:after,\n\t\t\t\t\t\t\t#ttshowcase_0 .tt_theme_speech .tt_quote_info-above .ttshowcase_rl_quote:after\n\t\t\t\t\t\t\t {\n\t\t\t\t\t\t\t\tborder-color: #f5f5f5 transparent;\n\t\t\t\t\t\t\t}#ttshowcase_0 .tt_theme_speech .ttshowcase_rl_quote_sided .ttshowcase_rl_quote:after {\n\t\t\t\t\t\t\t\tborder-color: transparent #f5f5f5;\n\t\t\t\t\t\t\t}#ttshowcase_0 .tt_theme_speech .tt_info-left,\n\t\t\t\t\t\t\t#ttshowcase_0 .tt_theme_speech .tt_info-right\n\t\t\t\t\t\t\t {\n\t\t\t\t\t\t\t\twidth: 170px;\n\t\t\t\t\t\t\t}<\/style><!-- Custom Styles for Testimonials Showcase --><style type=\"text\/css\" scoped>.entry-content {\r\n    font-size: 13px;\r\n}\r\n\r\n.ttshowcase_rl_quote a {\r\n    color: #0080ce !important;\r\n}<\/style><div class=\"ttshowcase_wrap tt_theme_speech\"><div class=\"ttshowcase_masonry\"><div class=\"ttshowcase_rl_box tt_2cl tt_text_left \" id=\"tt5179\" ><div class=\"ttshowcase_rl_breed\"><div class=\"ttshowcase_rl_info_wrap tt_info-left\"><div class=\"ttshowcase_rl_image tt_img_square tt_img_none\"><img decoding=\"async\" data-size=\"thumbnail\" src=\"https:\/\/www.mustafaguden.com\/wp-content\/uploads\/2018\/12\/female-200-150x150.png\" width=\"150\"  height=\"150\" alt=\"\" class=\"ttshowcase_image\" loading=\"lazy\" \/><\/div><div class=\"ttshowcase_rl_aditional_info \"><div class=\"ttshowcase_rl_title reviewer\">Mesude \u00c7\u0130ZMEC\u0130O\u011eLU<\/div><div class=\"ttshowcase_rl_date\">31 December 2018<\/div><\/div><\/div><div class=\"tt_quote_info-left ttshowcase_rl_quote_sided\" ><div class=\"ttshowcase_rl_quote\"><p>Mustafa G\u00fcden hocan\u0131n \u00f6nceki hastalar\u0131n\u0131n tavsiyesi \u00fczerine hastanenize ba\u015fvurduk. Gerek ameliyat gerekse bak\u0131m ve tedavi s\u00fcresinde g\u00f6sterilen ilgi ve alakadan \u00e7ok memnun kald\u0131k. \u00c7al\u0131\u015fanlar\u0131n i\u015flerini sevgi ve \u00f6zverili yapmas\u0131 takdir edici. Dr. Mustafa G\u00fcden ve<span class=\"ttcharextra\">...<\/span><\/p>\n<div class='ttshowcase_rl_readmore'> <a href='https:\/\/www.mustafaguden.com\/en\/yorumlar\/mesude-cizmecioglu\/' >Devam\u0131n\u0131 Oku...<\/a> <\/div><\/div><\/div><\/div><\/div><\/div><\/div><\/div><!-- Closing Wrap Div for ttshowcase_0 -->\n","protected":false},"excerpt":{"rendered":"Mustafa G\u00fcden hocan\u0131n \u00f6nceki hastalar\u0131n\u0131n tavsiyesi \u00fczerine hastanenize ba\u015fvurduk. Gerek ameliyat gerekse bak\u0131m ve tedavi s\u00fcresinde g\u00f6sterilen ilgi ve alakadan \u00e7ok memnun kald\u0131k. \u00c7al\u0131\u015fanlar\u0131n i\u015flerini sevgi ve \u00f6zverili yapmas\u0131 takdir edici. Dr. Mustafa G\u00fcden ve ekibine, KVC yo\u011fun bak\u0131m \u00e7al\u0131\u015fanlar\u0131na, KVC servis \u00e7al\u0131\u015fanlar\u0131na \u00e7ok te\u015fekk\u00fcr eder, ba\u015far\u0131lar\u0131n\u0131n artarak devam etmesini dileriz. Mesude \u00c7izmecio\u011flu","protected":false},"author":1,"featured_media":0,"parent":0,"menu_order":0,"comment_status":"closed","ping_status":"closed","template":"","meta":{"footnotes":""},"class_list":["post-4786","page","type-page","status-publish","hentry"],"aioseo_notices":[],"_links":{"self":[{"href":"https:\/\/www.mustafaguden.com\/en\/wp-json\/wp\/v2\/pages\/4786","targetHints":{"allow":["GET"]}}],"collection":[{"href":"https:\/\/www.mustafaguden.com\/en\/wp-json\/wp\/v2\/pages"}],"about":[{"href":"https:\/\/www.mustafaguden.com\/en\/wp-json\/wp\/v2\/types\/page"}],"author":[{"embeddable":true,"href":"https:\/\/www.mustafaguden.com\/en\/wp-json\/wp\/v2\/users\/1"}],"replies":[{"embeddable":true,"href":"https:\/\/www.mustafaguden.com\/en\/wp-json\/wp\/v2\/comments?post=4786"}],"version-history":[{"count":2,"href":"https:\/\/www.mustafaguden.com\/en\/wp-json\/wp\/v2\/pages\/4786\/revisions"}],"predecessor-version":[{"id":4788,"href":"https:\/\/www.mustafaguden.com\/en\/wp-json\/wp\/v2\/pages\/4786\/revisions\/4788"}],"wp:attachment":[{"href":"https:\/\/www.mustafaguden.com\/en\/wp-json\/wp\/v2\/media?parent=4786"}],"curies":[{"name":"wp","href":"https:\/\/api.w.org\/{rel}","templated":true}]}}