{"id":5035,"date":"2018-12-23T23:44:49","date_gmt":"2018-12-23T20:44:49","guid":{"rendered":"https:\/\/www.mustafaguden.com\/?page_id=5035"},"modified":"2018-12-23T23:44:49","modified_gmt":"2018-12-23T20:44:49","slug":"%d1%85%d0%b8%d1%80%d1%83%d1%80%d0%b3%d0%b8%d1%8f-%d0%bd%d0%be%d0%b2%d0%be%d0%be%d0%b1%d1%80%d0%b0%d0%b7%d0%be%d0%b2%d0%b0%d0%bd%d0%b8%d0%b9-%d0%be%d0%bf%d1%83%d1%85%d0%be%d0%bb%d0%b5%d0%b9-%d1%81","status":"publish","type":"page","link":"https:\/\/www.mustafaguden.com\/ru\/%d1%85%d0%b8%d1%80%d1%83%d1%80%d0%b3%d0%b8%d1%8f-%d0%bd%d0%be%d0%b2%d0%be%d0%be%d0%b1%d1%80%d0%b0%d0%b7%d0%be%d0%b2%d0%b0%d0%bd%d0%b8%d0%b9-%d0%be%d0%bf%d1%83%d1%85%d0%be%d0%bb%d0%b5%d0%b9-%d1%81\/","title":{"rendered":"\u0425\u0438\u0440\u0443\u0440\u0433\u0438\u044f \u043d\u043e\u0432\u043e\u043e\u0431\u0440\u0430\u0437\u043e\u0432\u0430\u043d\u0438\u0439 (\u043e\u043f\u0443\u0445\u043e\u043b\u0435\u0439) \u0441\u0435\u0440\u0434\u0446\u0430"},"content":{"rendered":"<div class=\"wpb-content-wrapper\"><p>[vc_row][vc_column][vc_row_inner][vc_column_inner][vc_column_text]<img loading=\"lazy\" decoding=\"async\" class=\"alignright size-medium wp-image-4615\" src=\"https:\/\/www.mustafaguden.com\/wp-content\/uploads\/2018\/12\/kalp-t\u00fcm\u00f6r\u00fc-cerrahisi-1-300x200.jpg\" alt=\"\" width=\"300\" height=\"200\" srcset=\"https:\/\/www.mustafaguden.com\/wp-content\/uploads\/2018\/12\/kalp-t\u00fcm\u00f6r\u00fc-cerrahisi-1-300x200.jpg 300w, https:\/\/www.mustafaguden.com\/wp-content\/uploads\/2018\/12\/kalp-t\u00fcm\u00f6r\u00fc-cerrahisi-1-125x83.jpg 125w, https:\/\/www.mustafaguden.com\/wp-content\/uploads\/2018\/12\/kalp-t\u00fcm\u00f6r\u00fc-cerrahisi-1-75x50.jpg 75w, https:\/\/www.mustafaguden.com\/wp-content\/uploads\/2018\/12\/kalp-t\u00fcm\u00f6r\u00fc-cerrahisi-1.jpg 364w\" sizes=\"auto, (max-width: 300px) 100vw, 300px\" \/><\/p>\n<p>\u0417\u0430\u0431\u043e\u043b\u0435\u0432\u0430\u043d\u0438\u0435 \u043d\u0430\u0437\u044b\u0432\u0430\u0435\u043c\u0430\u044f \u043d\u043e\u0432\u043e\u043e\u0431\u0440\u0430\u0437\u043e\u0432\u0430\u043d\u0438\u044f\u043c\u0438 (\u043e\u043f\u0443\u0445\u043e\u043b\u044f\u043c\u0438) \u0441\u0435\u0440\u0434\u0446\u0430, \u043f\u0440\u0435\u0434\u0441\u0442\u0430\u0432\u043b\u044f\u0435\u0442 \u0441\u043e\u0431\u043e\u0439 \u0441\u043e\u0441\u0442\u043e\u044f\u043d\u0438\u0435 \u0430\u043d\u043e\u043c\u0430\u043b\u044c\u043d\u043e\u0433\u043e \u0440\u043e\u0441\u0442\u0430 \u0442\u043a\u0430\u043d\u0435\u0439 \u0441\u0435\u0440\u0434\u0446\u0430 \u0438\u043b\u0438 \u0435\u0433\u043e \u043a\u043b\u0430\u043f\u0430\u043d\u043e\u0432 \u0441\u0435\u0440\u0434\u0446\u0430.<\/p>\n<p>\u0425\u043e\u0442\u044c \u0438 \u0441\u0443\u0449\u0435\u0441\u0442\u0432\u0443\u0435\u0442 \u043c\u043d\u043e\u0433\u043e \u0440\u0430\u0437\u043d\u043e\u0432\u0438\u0434\u043d\u043e\u0441\u0442\u0435\u0439 \u043d\u043e\u0432\u043e\u043e\u0431\u0440\u0430\u0437\u043e\u0432\u0430\u043d\u0438\u0439 \u0441\u0435\u0440\u0434\u0446\u0430, \u043e\u043d\u0438 \u043d\u0435 \u044f\u0432\u043b\u044f\u044e\u0442\u0441\u044f \u043e\u0441\u043e\u0431\u043e \u0440\u0430\u0441\u043f\u0440\u043e\u0441\u0442\u0440\u0430\u043d\u0435\u043d\u043d\u044b\u043c\u0438 \u0437\u0430\u0431\u043e\u043b\u0435\u0432\u0430\u043d\u0438\u044f\u043c\u0438. \u0421\u0443\u0449\u0435\u0441\u0442\u0432\u0443\u044e\u0442 \u0434\u043e\u0431\u0440\u043e\u043a\u0430\u0447\u0435\u0441\u0442\u0432\u0435\u043d\u043d\u044b\u0435 \u0438 \u0437\u043b\u043e\u043a\u0430\u0447\u0435\u0441\u0442\u0432\u0435\u043d\u043d\u044b\u0435 \u0432\u0438\u0434\u044b \u043d\u043e\u0432\u043e\u043e\u0431\u0440\u0430\u0437\u043e\u0432\u0430\u043d\u0438\u0439 \u0441\u0435\u0440\u0434\u0446\u0430. \u041e\u043f\u0443\u0445\u043e\u043b\u0438, \u043a\u043e\u0442\u043e\u0440\u044b\u0435 \u043d\u0430\u0447\u0438\u043d\u0430\u044e\u0442 \u0441\u0432\u043e\u0435 \u0444\u043e\u0440\u043c\u0438\u0440\u043e\u0432\u0430\u043d\u0438\u0435 \u0432 \u0441\u0435\u0440\u0434\u0446\u0435 \u0438 \u043e\u0441\u0442\u0430\u044e\u0442\u0441\u044f \u0432 \u043d\u0435\u043c, \u044f\u0432\u043b\u044f\u044e\u0442\u0441\u044f \u043e\u043f\u0443\u0445\u043e\u043b\u044f\u043c\u0438 \u043f\u0435\u0440\u0432\u043e\u0439 \u0441\u0442\u0435\u043f\u0435\u043d\u0438, \u043e\u043f\u0443\u0445\u043e\u043b\u0438, \u043a\u043e\u0442\u043e\u0440\u044b\u0435 \u0444\u043e\u0440\u043c\u0438\u0440\u0443\u044e\u0442\u0441\u044f \u0432 \u0434\u0440\u0443\u0433\u043e\u043c \u043e\u0440\u0433\u0430\u043d\u0435 \u0438\u043b\u0438 \u0432 \u0434\u0440\u0443\u0433\u043e\u0439 \u0447\u0430\u0441\u0442\u0438 \u0442\u0435\u043b\u0430 \u0438 \u0440\u0430\u0441\u043f\u0440\u043e\u0441\u0442\u0440\u0430\u043d\u044f\u044e\u0442\u0441\u044f \u043d\u0430 \u0441\u0435\u0440\u0434\u0446\u0435, \u043d\u0430\u0437\u044b\u0432\u0430\u044e\u0442\u0441\u044f \u043e\u043f\u0443\u0445\u043e\u043b\u044c\u044e \u0441\u0435\u0440\u0434\u0446\u0430 \u0432\u0442\u043e\u0440\u043e\u0439 \u0441\u0442\u0435\u043f\u0435\u043d\u0438. \u0411\u043e\u043b\u044c\u0448\u0430\u044f \u0447\u0430\u0441\u0442\u044c \u043e\u043f\u0443\u0445\u043e\u043b\u0435\u0439 \u0441\u0435\u0440\u0434\u0446\u0430 \u043f\u0440\u0435\u0434\u0441\u0442\u0430\u0432\u043b\u044f\u044e\u0442 \u0441\u043e\u0431\u043e\u0439 \u0434\u043e\u0431\u0440\u043e\u043a\u0430\u0447\u0435\u0441\u0442\u0432\u0435\u043d\u043d\u044b\u0435 \u043e\u043f\u0443\u0445\u043e\u043b\u0438, \u043d\u0430\u0437\u044b\u0432\u0430\u0435\u043c\u044b\u0435 \u043c\u0438\u043a\u0441\u043e\u043c\u043e\u0439. \u0422\u0435\u043c \u043d\u0435 \u043c\u0435\u043d\u0435\u0435 \u0434\u0430\u043d\u043d\u044b\u0435 \u0434\u043e\u0431\u0440\u043e\u043a\u0430\u0447\u0435\u0441\u0442\u0432\u0435\u043d\u043d\u044b\u0435 \u043e\u043f\u0443\u0445\u043e\u043b\u0438 \u0441\u0435\u0440\u0434\u0446\u0430 \u0442\u0430\u043a\u0436\u0435 \u043c\u043e\u0433\u0443\u0442 \u0432\u044b\u0437\u0432\u0430\u0442\u044c \u0432\u0435\u0441\u044c\u043c\u0430 \u0441\u0435\u0440\u044c\u0435\u0437\u043d\u044b\u0435 \u043f\u0440\u043e\u0431\u043b\u0435\u043c\u044b \u0438\u0437-\u0437\u0430 \u0438\u0445 \u0440\u0430\u0437\u043c\u0435\u0440\u043e\u0432 \u0438 \u0440\u0435\u0433\u0438\u043e\u043d\u0430 \u0440\u0430\u0441\u043f\u043e\u043b\u043e\u0436\u0435\u043d\u0438\u044f. \u0427\u0430\u0441\u0442\u044c \u0440\u0430\u0437\u0434\u0440\u043e\u0431\u043b\u0435\u043d\u043d\u043e\u0439 \u043e\u043f\u0443\u0445\u043e\u043b\u0438, \u043f\u043e\u043f\u0430\u0432\u0448\u0430\u044f \u0432 \u043e\u0431\u0449\u0438\u0439 \u043a\u0440\u043e\u0432\u043e\u0442\u043e\u043a, \u043c\u043e\u0436\u0435\u0442 \u0432\u044b\u0437\u0432\u0430\u0442\u044c \u044d\u043c\u0431\u043e\u043b\u0438\u044e. \u041a\u0440\u043e\u043c\u0435 \u0442\u043e\u0433\u043e, \u043f\u0440\u043e\u043b\u044f\u0431\u0438\u0440\u043e\u0432\u0430\u043d\u0438\u0435 \u0435\u0433\u043e \u0432 \u043a\u043b\u0430\u043f\u0430\u043d \u043c\u043e\u0436\u0435\u0442 \u0441\u043e\u0437\u0434\u0430\u0432\u0430\u0442\u044c \u0436\u0430\u043b\u043e\u0431\u044b, \u043f\u043e\u0445\u043e\u0436\u0438\u0435 \u043d\u0430 \u0441\u0442\u0435\u043d\u043e\u0437 \u043a\u043b\u0430\u043f\u0430\u043d\u0430. \u041a\u0440\u043e\u043c\u0435 \u0442\u043e\u0433\u043e, \u043e\u043f\u0443\u0445\u043e\u043b\u0438 \u0442\u0430\u043a\u0436\u0435 \u043c\u043e\u0433\u0443\u0442 \u0432\u044b\u0437\u044b\u0432\u0430\u0442\u044c \u0442\u0430\u043a\u0438\u0435 \u0441\u0438\u043c\u043f\u0442\u043e\u043c\u044b, \u043a\u0430\u043a \u0443\u0441\u0442\u0430\u043b\u043e\u0441\u0442\u044c \u0438 \u043f\u043e\u0442\u0435\u0440\u044f \u0440\u0430\u0431\u043e\u0442\u043e\u0441\u043f\u043e\u0441\u043e\u0431\u043d\u043e\u0441\u0442\u0438. \u0418\u0437-\u0437\u0430 \u044d\u0442\u0438\u0445 \u0440\u0438\u0441\u043a\u043e\u0432 \u043c\u043e\u0436\u0435\u0442 \u043f\u043e\u0442\u0440\u0435\u0431\u043e\u0432\u0430\u0442\u044c\u0441\u044f \u0445\u0438\u0440\u0443\u0440\u0433\u0438\u0447\u0435\u0441\u043a\u043e\u0435 \u0443\u0434\u0430\u043b\u0435\u043d\u0438\u0435 \u043e\u043f\u0443\u0445\u043e\u043b\u0438 \u0441 \u0441\u0435\u0440\u0434\u0446\u0430. \u0420\u0435\u0448\u0435\u043d\u0438\u0435 \u043e \u043f\u0440\u043e\u0432\u0435\u0434\u0435\u043d\u0438\u0438 \u043e\u043f\u0435\u0440\u0430\u0446\u0438\u0438 \u043f\u043e \u0443\u0434\u0430\u043b\u0435\u043d\u0438\u044e \u043e\u043f\u0443\u0445\u043e\u043b\u0438 \u0441\u0435\u0440\u0434\u0446\u0430 \u0431\u0443\u0434\u0435\u0442 \u043e\u0441\u043d\u043e\u0432\u044b\u0432\u0430\u0442\u044c\u0441\u044f \u043d\u0430 \u0440\u0430\u0437\u043c\u0435\u0440\u0435 \u043e\u043f\u0443\u0445\u043e\u043b\u0438, \u043d\u0430 \u0432\u044b\u0440\u0430\u0436\u0435\u043d\u043d\u043e\u0441\u0442\u0438 \u0441\u0438\u043c\u043f\u0442\u043e\u043c\u043e\u0432 \u0438 \u043d\u0430 \u043f\u043e\u043a\u0430\u0437\u0430\u0442\u0435\u043b\u044f\u0445 \u043e\u0431\u0449\u0435\u0433\u043e \u0441\u043e\u0441\u0442\u043e\u044f\u043d\u0438\u0435 \u0437\u0434\u043e\u0440\u043e\u0432\u044c\u044f \u043f\u0430\u0446\u0438\u0435\u043d\u0442\u0430.<\/p>\n<p>\u0425\u0438\u0440\u0443\u0440\u0433\u0438\u044f \u043e\u043f\u0443\u0445\u043e\u043b\u0435\u0439 \u0441\u0435\u0440\u0434\u0446\u0430 \u043c\u043e\u0436\u0435\u0442 \u043f\u0440\u043e\u0432\u043e\u0434\u0438\u0442\u0441\u044f \u043a\u0430\u043a \u043e\u0442\u043a\u0440\u044b\u0442\u043e\u0439 \u043c\u0435\u0442\u043e\u0434\u0438\u043a\u043e\u0439, \u0442\u0430\u043a \u0438 \u044d\u043d\u0434\u043e\u0441\u043a\u043e\u043f\u0438\u0447\u0435\u0441\u043a\u0438\u043c \u043f\u0443\u0442\u0435\u043c, \u0442\u0430\u043a \u0438 \u043f\u0440\u0438 \u043f\u043e\u043c\u043e\u0449\u0438 \u0440\u043e\u0431\u043e\u0442\u0438\u0437\u0438\u0440\u043e\u0432\u0430\u043d\u043d\u043e\u0439 \u0445\u0438\u0440\u0443\u0440\u0433\u0438\u0438. \u041c\u0435\u0442\u043e\u0434 \u0432\u044b\u043f\u043e\u043b\u043d\u0435\u043d\u0438\u044f \u043e\u043f\u0435\u0440\u0430\u0446\u0438\u0438 \u0442\u0430\u043a\u0436\u0435 \u0431\u0443\u0434\u0435\u0442 \u043e\u0441\u043d\u043e\u0432\u044b\u0432\u0430\u0442\u044c\u0441\u044f \u043d\u0430 \u0440\u0430\u0437\u043c\u0435\u0440\u0435 \u043e\u043f\u0443\u0445\u043e\u043b\u0438, \u043d\u0430 \u0432\u044b\u0440\u0430\u0436\u0435\u043d\u043d\u043e\u0441\u0442\u0438 \u0441\u0438\u043c\u043f\u0442\u043e\u043c\u043e\u0432 \u0438 \u043d\u0430 \u043f\u043e\u043a\u0430\u0437\u0430\u0442\u0435\u043b\u044f\u0445 \u043e\u0431\u0449\u0435\u0433\u043e \u0441\u043e\u0441\u0442\u043e\u044f\u043d\u0438\u044f \u0437\u0434\u043e\u0440\u043e\u0432\u044c\u044f \u043f\u0430\u0446\u0438\u0435\u043d\u0442\u0430. \u0412 \u0445\u0438\u0440\u0443\u0440\u0433\u0438\u0438 \u043e\u043f\u0443\u0445\u043e\u043b\u0435\u0439 \u0441\u0435\u0440\u0434\u0446\u0430 \u041f\u0440\u043e\u0444. \u0414.\u041c. Mustafa G\u00fcden \u043c\u043e\u0436\u0435\u0442 \u0432\u044b\u043f\u043e\u043b\u043d\u0438\u0442\u044c \u0432\u0441\u0435 \u0442\u0440\u0438 \u043c\u0435\u0442\u043e\u0434\u0430, \u0432 \u0437\u0430\u0432\u0438\u0441\u0438\u043c\u043e\u0441\u0442\u0438 \u043a\u0430\u043a\u043e\u0439 \u0438\u0437 \u043d\u0438\u0445 \u0431\u0443\u0434\u0435\u0442 \u0431\u043e\u043b\u0435\u0435 \u043e\u043f\u0442\u0438\u043c\u0430\u043b\u044c\u043d\u044b\u043c \u0434\u043b\u044f \u0435\u0433\u043e \u043f\u0430\u0446\u0438\u0435\u043d\u0442\u0430.<\/p>\n<p>\u0427\u0442\u043e\u0431\u044b \u043f\u043e\u043b\u0443\u0447\u0438\u0442\u044c \u043f\u043e\u0434\u0440\u043e\u0431\u043d\u0443\u044e \u0438\u043d\u0444\u043e\u0440\u043c\u0430\u0446\u0438\u044e \u043e \u0445\u0438\u0440\u0443\u0440\u0433\u0438\u0438 \u043e\u043f\u0443\u0445\u043e\u043b\u0435\u0439 \u0441\u0435\u0440\u0434\u0446\u0430, \u043f\u043e\u0436\u0430\u043b\u0443\u0439\u0441\u0442\u0430, \u0437\u0430\u043f\u043e\u043b\u043d\u0438\u0442\u0435 \u0444\u043e\u0440\u043c\u0443, \u043a\u043e\u0442\u043e\u0440\u0430\u044f \u0431\u0443\u0434\u0435\u0442 \u043e\u0442\u043a\u0440\u044b\u0442\u0430![\/vc_column_text][\/vc_column_inner][\/vc_row_inner][\/vc_column][\/vc_row]<\/p>\n<\/div>","protected":false},"excerpt":{"rendered":"<p>[vc_row][vc_column][vc_row_inner][vc_column_inner][vc_column_text] \u0417\u0430\u0431\u043e\u043b\u0435\u0432\u0430\u043d\u0438\u0435 \u043d\u0430\u0437\u044b\u0432\u0430\u0435\u043c\u0430\u044f \u043d\u043e\u0432\u043e\u043e\u0431\u0440\u0430\u0437\u043e\u0432\u0430\u043d\u0438\u044f\u043c\u0438 (\u043e\u043f\u0443\u0445\u043e\u043b\u044f\u043c\u0438) \u0441\u0435\u0440\u0434\u0446\u0430, \u043f\u0440\u0435\u0434\u0441\u0442\u0430\u0432\u043b\u044f\u0435\u0442 \u0441\u043e\u0431\u043e\u0439 \u0441\u043e\u0441\u0442\u043e\u044f\u043d\u0438\u0435 \u0430\u043d\u043e\u043c\u0430\u043b\u044c\u043d\u043e\u0433\u043e \u0440\u043e\u0441\u0442\u0430 \u0442\u043a\u0430\u043d\u0435\u0439 \u0441\u0435\u0440\u0434\u0446\u0430 \u0438\u043b\u0438 \u0435\u0433\u043e \u043a\u043b\u0430\u043f\u0430\u043d\u043e\u0432 \u0441\u0435\u0440\u0434\u0446\u0430. \u0425\u043e\u0442\u044c \u0438 \u0441\u0443\u0449\u0435\u0441\u0442\u0432\u0443\u0435\u0442 \u043c\u043d\u043e\u0433\u043e \u0440\u0430\u0437\u043d\u043e\u0432\u0438\u0434\u043d\u043e\u0441\u0442\u0435\u0439 \u043d\u043e\u0432\u043e\u043e\u0431\u0440\u0430\u0437\u043e\u0432\u0430\u043d\u0438\u0439 \u0441\u0435\u0440\u0434\u0446\u0430, \u043e\u043d\u0438 \u043d\u0435 \u044f\u0432\u043b\u044f\u044e\u0442\u0441\u044f \u043e\u0441\u043e\u0431\u043e \u0440\u0430\u0441\u043f\u0440\u043e\u0441\u0442\u0440\u0430\u043d\u0435\u043d\u043d\u044b\u043c\u0438 \u0437\u0430\u0431\u043e\u043b\u0435\u0432\u0430\u043d\u0438\u044f\u043c\u0438. \u0421\u0443\u0449\u0435\u0441\u0442\u0432\u0443\u044e\u0442 \u0434\u043e\u0431\u0440\u043e\u043a\u0430\u0447\u0435\u0441\u0442\u0432\u0435\u043d\u043d\u044b\u0435 \u0438 \u0437\u043b\u043e\u043a\u0430\u0447\u0435\u0441\u0442\u0432\u0435\u043d\u043d\u044b\u0435 \u0432\u0438\u0434\u044b \u043d\u043e\u0432\u043e\u043e\u0431\u0440\u0430\u0437\u043e\u0432\u0430\u043d\u0438\u0439 \u0441\u0435\u0440\u0434\u0446\u0430. \u041e\u043f\u0443\u0445\u043e\u043b\u0438, \u043a\u043e\u0442\u043e\u0440\u044b\u0435 \u043d\u0430\u0447\u0438\u043d\u0430\u044e\u0442 \u0441\u0432\u043e\u0435 \u0444\u043e\u0440\u043c\u0438\u0440\u043e\u0432\u0430\u043d\u0438\u0435 \u0432 \u0441\u0435\u0440\u0434\u0446\u0435 \u0438 \u043e\u0441\u0442\u0430\u044e\u0442\u0441\u044f \u0432 \u043d\u0435\u043c, \u044f\u0432\u043b\u044f\u044e\u0442\u0441\u044f \u043e\u043f\u0443\u0445\u043e\u043b\u044f\u043c\u0438 \u043f\u0435\u0440\u0432\u043e\u0439 \u0441\u0442\u0435\u043f\u0435\u043d\u0438, \u043e\u043f\u0443\u0445\u043e\u043b\u0438, \u043a\u043e\u0442\u043e\u0440\u044b\u0435 \u0444\u043e\u0440\u043c\u0438\u0440\u0443\u044e\u0442\u0441\u044f [&hellip;]<\/p>\n","protected":false},"author":1,"featured_media":0,"parent":0,"menu_order":22,"comment_status":"closed","ping_status":"closed","template":"","meta":{"footnotes":""},"class_list":["post-5035","page","type-page","status-publish","hentry"],"aioseo_notices":[],"_links":{"self":[{"href":"https:\/\/www.mustafaguden.com\/ru\/wp-json\/wp\/v2\/pages\/5035","targetHints":{"allow":["GET"]}}],"collection":[{"href":"https:\/\/www.mustafaguden.com\/ru\/wp-json\/wp\/v2\/pages"}],"about":[{"href":"https:\/\/www.mustafaguden.com\/ru\/wp-json\/wp\/v2\/types\/page"}],"author":[{"embeddable":true,"href":"https:\/\/www.mustafaguden.com\/ru\/wp-json\/wp\/v2\/users\/1"}],"replies":[{"embeddable":true,"href":"https:\/\/www.mustafaguden.com\/ru\/wp-json\/wp\/v2\/comments?post=5035"}],"version-history":[{"count":2,"href":"https:\/\/www.mustafaguden.com\/ru\/wp-json\/wp\/v2\/pages\/5035\/revisions"}],"predecessor-version":[{"id":5045,"href":"https:\/\/www.mustafaguden.com\/ru\/wp-json\/wp\/v2\/pages\/5035\/revisions\/5045"}],"wp:attachment":[{"href":"https:\/\/www.mustafaguden.com\/ru\/wp-json\/wp\/v2\/media?parent=5035"}],"curies":[{"name":"wp","href":"https:\/\/api.w.org\/{rel}","templated":true}]}}