{"id":5053,"date":"2018-12-23T23:55:25","date_gmt":"2018-12-23T20:55:25","guid":{"rendered":"https:\/\/www.mustafaguden.com\/?page_id=5053"},"modified":"2018-12-24T01:51:57","modified_gmt":"2018-12-23T22:51:57","slug":"%d0%bf%d0%b5%d1%87%d0%b0%d1%82%d0%bd%d1%8b%d0%b5-%d0%bf%d1%83%d0%b1%d0%bb%d0%b8%d0%ba%d0%b0%d1%86%d0%b8%d0%b8","status":"publish","type":"page","link":"https:\/\/www.mustafaguden.com\/ru\/%d0%bf%d0%b5%d1%87%d0%b0%d1%82%d0%bd%d1%8b%d0%b5-%d0%bf%d1%83%d0%b1%d0%bb%d0%b8%d0%ba%d0%b0%d1%86%d0%b8%d0%b8\/","title":{"rendered":"\u041f\u0435\u0447\u0430\u0442\u043d\u044b\u0435 \u041f\u0443\u0431\u043b\u0438\u043a\u0430\u0446\u0438\u0438"},"content":{"rendered":"<div class=\"wpb-content-wrapper\"><p>[vc_row][vc_column]<div class=\" bs-listing bs-listing-listing-blog-1 bs-listing-single-tab\">\t\t<h3 class=\"section-heading sh-t1 sh-s1 main-term-104\">\n\n\t\t\n\t\t\t\t\t\t\t<a href=\"https:\/\/www.mustafaguden.com\/ru\/category\/%d0%bf%d0%b5%d1%87%d0%b0%d1%82%d0%bd%d1%8b%d0%b5-%d0%bf%d1%83%d0%b1%d0%bb%d0%b8%d0%ba%d0%b0%d1%86%d0%b8%d0%b8\/\" class=\"main-link\">\n\t\t\t\t\t\t\t<span class=\"h-text main-term-104\">\n\t\t\t\t\t\t\t\t\u041f\u0435\u0447\u0430\u0442\u043d\u044b\u0435 \u041f\u0443\u0431\u043b\u0438\u043a\u0430\u0446\u0438\u0438\t\t\t\t\t\t\t<\/span>\n\t\t\t\t<\/a>\n\t\t\t\n\t\t\n\t\t<\/h3>\n\t\t\t<div class=\"listing listing-blog listing-blog-1 clearfix columns-1 columns-1\">\n\t\t<article class=\"post-5122 type-post format-standard has-post-thumbnail   listing-item listing-item-blog  listing-item-blog-1 main-term-104 bsw-7 \">\n\t\t<div class=\"item-inner clearfix\">\n\t\t\t\t\t\t\t<div class=\"featured clearfix\">\n\t\t\t\t\t<div class=\"term-badges floated\"><span class=\"term-badge term-104\"><a href=\"https:\/\/www.mustafaguden.com\/ru\/category\/%d0%bf%d0%b5%d1%87%d0%b0%d1%82%d0%bd%d1%8b%d0%b5-%d0%bf%d1%83%d0%b1%d0%bb%d0%b8%d0%ba%d0%b0%d1%86%d0%b8%d0%b8\/\">\u041f\u0435\u0447\u0430\u0442\u043d\u044b\u0435 \u041f\u0443\u0431\u043b\u0438\u043a\u0430\u0446\u0438\u0438<\/a><\/span><\/div>\t\t\t\t\t<a  title=\"Kalp ameliyat\u0131 olmak \u00f6m\u00fcr boyu yara izini ta\u015f\u0131mak demek de\u011fil\" data-src=\"https:\/\/www.mustafaguden.com\/wp-content\/uploads\/2014\/06\/Kalp-Ameliyati-Olmak-Omur-Boyu-Yara-Izini-Tasimak-Demek-Degil-210x136.png\" data-bs-srcset=\"{&quot;baseurl&quot;:&quot;https:\\\/\\\/www.mustafaguden.com\\\/wp-content\\\/uploads\\\/2014\\\/06\\\/&quot;,&quot;sizes&quot;:{&quot;86&quot;:&quot;Kalp-Ameliyati-Olmak-Omur-Boyu-Yara-Izini-Tasimak-Demek-Degil-86x64.png&quot;,&quot;210&quot;:&quot;Kalp-Ameliyati-Olmak-Omur-Boyu-Yara-Izini-Tasimak-Demek-Degil-210x136.png&quot;,&quot;279&quot;:&quot;Kalp-Ameliyati-Olmak-Omur-Boyu-Yara-Izini-Tasimak-Demek-Degil-279x220.png&quot;,&quot;357&quot;:&quot;Kalp-Ameliyati-Olmak-Omur-Boyu-Yara-Izini-Tasimak-Demek-Degil-357x210.png&quot;,&quot;750&quot;:&quot;Kalp-Ameliyati-Olmak-Omur-Boyu-Yara-Izini-Tasimak-Demek-Degil-750x430.png&quot;,&quot;1500&quot;:&quot;Kalp-Ameliyati-Olmak-Omur-Boyu-Yara-Izini-Tasimak-Demek-Degil.png&quot;}}\"\t\t\t\t\t\t\tclass=\"img-holder\" href=\"https:\/\/www.mustafaguden.com\/ru\/2018\/12\/24\/kalp-ameliyati-olmak-omur-boyu-yara-izini-tasimak-demek-degil\/\"><\/a>\n\t\t\t\t\t\t\t\t\t<\/div>\n\t\t\t<h2 class=\"title\">\t\t\t<a href=\"https:\/\/www.mustafaguden.com\/ru\/2018\/12\/24\/kalp-ameliyati-olmak-omur-boyu-yara-izini-tasimak-demek-degil\/\" class=\"post-url post-title\">\n\t\t\t\tKalp ameliyat\u0131 olmak \u00f6m\u00fcr boyu yara izini ta\u015f\u0131mak demek de\u011fil\t\t\t<\/a>\n\t\t\t<\/h2>\t\t<div class=\"post-meta\">\n\n\t\t\t\t\t\t\t<a href=\"https:\/\/www.mustafaguden.com\/ru\/author\/admin-2\/\"\n\t\t\t\t   title=\"\u041e\u0431\u0437\u043e\u0440 \u0410\u0432\u0442\u043e\u0440 \u0441\u0442\u0430\u0442\u044c\u0438\"\n\t\t\t\t   class=\"post-author-a\">\n\t\t\t\t\t<i class=\"post-author author\">\n\t\t\t\t\t\tadmin\t\t\t\t\t<\/i>\n\t\t\t\t<\/a>\n\t\t\t\t\t\t\t<span class=\"time\"><time class=\"post-published updated\"\n\t\t\t\t                         datetime=\"2018-12-24T01:47:28+03:00\">\u0414\u0435\u043a 24, 2018<\/time><\/span>\n\t\t\t\t<a href=\"https:\/\/www.mustafaguden.com\/ru\/2018\/12\/24\/kalp-ameliyati-olmak-omur-boyu-yara-izini-tasimak-demek-degil\/#respond\" title=\"\u041e\u0441\u0442\u0430\u0432\u0438\u0442\u044c \u043a\u043e\u043c\u043c\u0435\u043d\u0442\u0430\u0440\u0438\u0439 \u0434\u0430\u043b\u044c\u0448\u0435: &quot;Kalp ameliyat\u0131 olmak \u00f6m\u00fcr boyu yara izini ta\u015f\u0131mak demek de\u011fil&quot;\" class=\"comments\"><i class=\"fa fa-comments-o\"><\/i> 0<\/a>\t\t<\/div>\n\t\t\t\t\t\t<div class=\"post-summary\">\n\t\t\t\t\t\t\t\t\t<\/div>\n\t\t\t\t\t\t<\/div>\n\t<\/article>\n\t<article class=\"post-5121 type-post format-standard has-post-thumbnail   listing-item listing-item-blog  listing-item-blog-1 main-term-104 bsw-7 \">\n\t\t<div class=\"item-inner clearfix\">\n\t\t\t\t\t\t\t<div class=\"featured clearfix\">\n\t\t\t\t\t<div class=\"term-badges floated\"><span class=\"term-badge term-104\"><a href=\"https:\/\/www.mustafaguden.com\/ru\/category\/%d0%bf%d0%b5%d1%87%d0%b0%d1%82%d0%bd%d1%8b%d0%b5-%d0%bf%d1%83%d0%b1%d0%bb%d0%b8%d0%ba%d0%b0%d1%86%d0%b8%d0%b8\/\">\u041f\u0435\u0447\u0430\u0442\u043d\u044b\u0435 \u041f\u0443\u0431\u043b\u0438\u043a\u0430\u0446\u0438\u0438<\/a><\/span><\/div>\t\t\t\t\t<a  title=\"Ameliyats\u0131z Anevrizma Tedavileri \/ Sunum\" data-src=\"https:\/\/www.mustafaguden.com\/wp-content\/uploads\/2018\/10\/vascular-news-basin-arsivi-210x136.png\" data-bs-srcset=\"{&quot;baseurl&quot;:&quot;https:\\\/\\\/www.mustafaguden.com\\\/wp-content\\\/uploads\\\/2018\\\/10\\\/&quot;,&quot;sizes&quot;:{&quot;86&quot;:&quot;vascular-news-basin-arsivi-86x64.png&quot;,&quot;210&quot;:&quot;vascular-news-basin-arsivi-210x136.png&quot;,&quot;279&quot;:&quot;vascular-news-basin-arsivi-279x220.png&quot;,&quot;357&quot;:&quot;vascular-news-basin-arsivi-357x210.png&quot;,&quot;750&quot;:&quot;vascular-news-basin-arsivi-750x430.png&quot;,&quot;1500&quot;:&quot;vascular-news-basin-arsivi.png&quot;}}\"\t\t\t\t\t\t\tclass=\"img-holder\" href=\"https:\/\/www.mustafaguden.com\/ru\/2018\/12\/24\/ameliyatsiz-anevrizma-tedavileri-sunum\/\"><\/a>\n\t\t\t\t\t\t\t\t\t<\/div>\n\t\t\t<h2 class=\"title\">\t\t\t<a href=\"https:\/\/www.mustafaguden.com\/ru\/2018\/12\/24\/ameliyatsiz-anevrizma-tedavileri-sunum\/\" class=\"post-url post-title\">\n\t\t\t\tAmeliyats\u0131z Anevrizma Tedavileri \/ Sunum\t\t\t<\/a>\n\t\t\t<\/h2>\t\t<div class=\"post-meta\">\n\n\t\t\t\t\t\t\t<a href=\"https:\/\/www.mustafaguden.com\/ru\/author\/admin-2\/\"\n\t\t\t\t   title=\"\u041e\u0431\u0437\u043e\u0440 \u0410\u0432\u0442\u043e\u0440 \u0441\u0442\u0430\u0442\u044c\u0438\"\n\t\t\t\t   class=\"post-author-a\">\n\t\t\t\t\t<i class=\"post-author author\">\n\t\t\t\t\t\tadmin\t\t\t\t\t<\/i>\n\t\t\t\t<\/a>\n\t\t\t\t\t\t\t<span class=\"time\"><time class=\"post-published updated\"\n\t\t\t\t                         datetime=\"2018-12-24T01:46:21+03:00\">\u0414\u0435\u043a 24, 2018<\/time><\/span>\n\t\t\t\t\t\t<\/div>\n\t\t\t\t\t\t<div class=\"post-summary\">\n\t\t\t\t\tProf. Dr. Mustafa G\u00dcDEN \u201cMaster Class Endovascular\u201d toplant\u0131s\u0131nda, \u201cAmeliyats\u0131z Anevrizma Tedavileri ve Anevrizma Cerrahileri\u201dba\u015fl\u0131\u011f\u0131yla 29.09.2018'de ger\u00e7ekle\u015ftirdi\u011fi sunumda tedavi tercihlerinin mukayesesi hakk\u0131nda bilgi ve tecr\u00fcbelerini&hellip;\t\t\t\t<\/div>\n\t\t\t\t\t\t<\/div>\n\t<\/article>\n\t<\/div>\n\t<\/div>[\/vc_column][\/vc_row]<\/p>\n<\/div>","protected":false},"excerpt":{"rendered":"<p>[vc_row][vc_column][\/vc_column][\/vc_row]<\/p>\n","protected":false},"author":1,"featured_media":0,"parent":0,"menu_order":0,"comment_status":"closed","ping_status":"closed","template":"","meta":{"footnotes":""},"class_list":["post-5053","page","type-page","status-publish","hentry"],"aioseo_notices":[],"_links":{"self":[{"href":"https:\/\/www.mustafaguden.com\/ru\/wp-json\/wp\/v2\/pages\/5053","targetHints":{"allow":["GET"]}}],"collection":[{"href":"https:\/\/www.mustafaguden.com\/ru\/wp-json\/wp\/v2\/pages"}],"about":[{"href":"https:\/\/www.mustafaguden.com\/ru\/wp-json\/wp\/v2\/types\/page"}],"author":[{"embeddable":true,"href":"https:\/\/www.mustafaguden.com\/ru\/wp-json\/wp\/v2\/users\/1"}],"replies":[{"embeddable":true,"href":"https:\/\/www.mustafaguden.com\/ru\/wp-json\/wp\/v2\/comments?post=5053"}],"version-history":[{"count":3,"href":"https:\/\/www.mustafaguden.com\/ru\/wp-json\/wp\/v2\/pages\/5053\/revisions"}],"predecessor-version":[{"id":5133,"href":"https:\/\/www.mustafaguden.com\/ru\/wp-json\/wp\/v2\/pages\/5053\/revisions\/5133"}],"wp:attachment":[{"href":"https:\/\/www.mustafaguden.com\/ru\/wp-json\/wp\/v2\/media?parent=5053"}],"curies":[{"name":"wp","href":"https:\/\/api.w.org\/{rel}","templated":true}]}}